{"id":22,"date":"2015-09-27T20:49:27","date_gmt":"2015-09-27T19:49:27","guid":{"rendered":"http:\/\/www.isabelledemeure.fr\/?page_id=22"},"modified":"2025-06-26T18:30:08","modified_gmt":"2025-06-26T16:30:08","slug":"isabelle-demeure","status":"publish","type":"page","link":"https:\/\/www.isabelledemeure.fr\/?page_id=22","title":{"rendered":"Mon parcours"},"content":{"rendered":"<p><a href=\"https:\/\/www.isabelledemeure.fr\/wp-content\/uploads\/2022\/02\/2020-Photo-ID-v2-scaled.jpg\"><img loading=\"lazy\" decoding=\"async\" class=\"wp-image-570 size-medium\" src=\"https:\/\/www.isabelledemeure.fr\/wp-content\/uploads\/2022\/02\/2020-Photo-ID-v2-228x300.jpg\" alt=\"\" width=\"228\" height=\"300\" srcset=\"https:\/\/www.isabelledemeure.fr\/wp-content\/uploads\/2022\/02\/2020-Photo-ID-v2-228x300.jpg 228w, https:\/\/www.isabelledemeure.fr\/wp-content\/uploads\/2022\/02\/2020-Photo-ID-v2-778x1024.jpg 778w, https:\/\/www.isabelledemeure.fr\/wp-content\/uploads\/2022\/02\/2020-Photo-ID-v2-768x1011.jpg 768w, https:\/\/www.isabelledemeure.fr\/wp-content\/uploads\/2022\/02\/2020-Photo-ID-v2-1167x1536.jpg 1167w, https:\/\/www.isabelledemeure.fr\/wp-content\/uploads\/2022\/02\/2020-Photo-ID-v2-1556x2048.jpg 1556w, https:\/\/www.isabelledemeure.fr\/wp-content\/uploads\/2022\/02\/2020-Photo-ID-v2-scaled.jpg 1945w\" sizes=\"auto, (max-width: 228px) 100vw, 228px\" \/><\/a><\/p>\n<p>De formation scientifique, j\u2019ai exerc\u00e9 comme ing\u00e9nieur puis comme enseignant-chercheur en \u00c9cole d&rsquo;Ing\u00e9nieur et \u00e0 l&rsquo;Universit\u00e9.<br \/>\nJ\u2019ai d\u00e9velopp\u00e9 un int\u00e9r\u00eat pour les relations d\u2019aide en accompagnant et en conseillant les \u00e9tudiants qui me sollicitaient. J\u2019ai eu envie d\u2019aller plus loin et d&rsquo;accompagner des personnes en souffrance ce qui m&rsquo;a amen\u00e9e \u00e0 une reconversion professionnelle.<\/p>\n<p>J&rsquo;ai ouvert mon cabinet en Novembre 2014.<\/p>\n<p>Pendant 6 ans (2016 \u00e0 2022), j&rsquo;ai fait du soutien psychologique aupr\u00e8s des \u00e9tudiants de grandes \u00e9coles (AgroParisTech, ESPCI et dans le cadre du PPOP PSL &#8211; P\u00f4le de Pr\u00e9vention et d&rsquo;Orientation Psychologique de PSL).<\/p>\n<p>Je me consacre aujourd&rsquo;hui \u00e0 ma client\u00e8le en lib\u00e9ral. J&rsquo;anime \u00e9galement des s\u00e9ances de sophrologie de groupe en \u00e9coles d&rsquo;ing\u00e9nieurs et en milieu professionnel pour permettre aux participants de mieux r\u00e9guler leur stress et d&rsquo;apprendre \u00e0 se relaxer.<\/p>\n<p>Je suis form\u00e9e \u00e0 diff\u00e9rents courants de psychoth\u00e9rapie et en particulier :<\/p>\n<ul>\n<li><span style=\"text-decoration: underline;\">Inspiration principale :<\/span> Sophro-analyse (<a href=\"http:\/\/www.sophro-analyse.eu\/institut-84.html\">Certifi\u00e9e par l\u2019Institut Europ\u00e9en de Sophro-Analyse, 2014<\/a>)<\/li>\n<li>Sophrologie (<a href=\"http:\/\/sophro-analyse.eu\/cycle-pro-sophrologie-integrative.html\">Dipl\u00f4m\u00e9e en Sophrologie Int\u00e9grative par l&rsquo;Institut Europ\u00e9en de Sophro-Analyse, 2017<\/a>)<\/li>\n<li>Sophrologie-analytique (Form\u00e9e par Josiane Hugon \u00e0 l\u2019\u00c9cole Multi-R\u00e9f\u00e9rentielle Etape, 2012).<\/li>\n<li>Hypnose \u00e9ricksonienne (Niveau praticien, form\u00e9e par <a href=\"https:\/\/psynapse.fr\/\">Psynapse, 2022<\/a>)<\/li>\n<li>Hypno Baby, pour l&rsquo;accompagnement des femmes enceintes (form\u00e9e par <a href=\"https:\/\/psynapse.fr\/\">Psynapse, 2022<\/a>)<\/li>\n<li>HypnoNatal\u00ae, pour l\u2019accompagnement des femmes enceintes (<a href=\"https:\/\/lisebartoli.com\/\">Lise Bartoli, IMAGIN\u2019ETRE, 2023<\/a>)<\/li>\n<li>EMDR-IMO (<a href=\"https:\/\/www.emdr.fr\/Isabelle-DEMEURE_a260.html\">Certifi\u00e9e<\/a> par l&rsquo;Institut <a href=\"https:\/\/in-dolore.fr\/\">In-dolore<\/a>, France EMDR-IMO en mai 2025)<\/li>\n<li>PNL (Niveau Praticien, Form\u00e9e par Jean-Paul Fluteaux \u00e0 l\u2019\u00c9cole Multi-R\u00e9f\u00e9rentielle Etape, 2011).<\/li>\n<li>Cursus de psychopathologie (\u00c9cole Multi-R\u00e9f\u00e9rentielle Etape, 2011 et <a href=\"http:\/\/www.indigo-formations.fr\/\">Indigo Formations 2015-16<\/a>)<\/li>\n<\/ul>\n<p>Je suis membre de<\/p>\n<ul>\n<li>la <a href=\"https:\/\/www.chambre-syndicale-sophrologie.fr\/\">Chambre Syndicale de la Sophrologie <\/a><\/li>\n<\/ul>\n<p>Ma pratique est supervis\u00e9e.<\/p>\n","protected":false},"excerpt":{"rendered":"<p>De formation scientifique, j\u2019ai exerc\u00e9 comme ing\u00e9nieur puis comme enseignant-chercheur en \u00c9cole d&rsquo;Ing\u00e9nieur et \u00e0 l&rsquo;Universit\u00e9. J\u2019ai d\u00e9velopp\u00e9 un int\u00e9r\u00eat pour les relations d\u2019aide en accompagnant et en conseillant les \u00e9tudiants qui me sollicitaient. J\u2019ai eu envie d\u2019aller plus loin et d&rsquo;accompagner des personnes en souffrance ce qui m&rsquo;a amen\u00e9e \u00e0 une reconversion professionnelle. J&rsquo;ai&hellip; <\/p>\n","protected":false},"author":1,"featured_media":0,"parent":0,"menu_order":2,"comment_status":"open","ping_status":"open","template":"","meta":{"footnotes":""},"class_list":["post-22","page","type-page","status-publish","hentry"],"_links":{"self":[{"href":"https:\/\/www.isabelledemeure.fr\/index.php?rest_route=\/wp\/v2\/pages\/22","targetHints":{"allow":["GET"]}}],"collection":[{"href":"https:\/\/www.isabelledemeure.fr\/index.php?rest_route=\/wp\/v2\/pages"}],"about":[{"href":"https:\/\/www.isabelledemeure.fr\/index.php?rest_route=\/wp\/v2\/types\/page"}],"author":[{"embeddable":true,"href":"https:\/\/www.isabelledemeure.fr\/index.php?rest_route=\/wp\/v2\/users\/1"}],"replies":[{"embeddable":true,"href":"https:\/\/www.isabelledemeure.fr\/index.php?rest_route=%2Fwp%2Fv2%2Fcomments&post=22"}],"version-history":[{"count":68,"href":"https:\/\/www.isabelledemeure.fr\/index.php?rest_route=\/wp\/v2\/pages\/22\/revisions"}],"predecessor-version":[{"id":881,"href":"https:\/\/www.isabelledemeure.fr\/index.php?rest_route=\/wp\/v2\/pages\/22\/revisions\/881"}],"wp:attachment":[{"href":"https:\/\/www.isabelledemeure.fr\/index.php?rest_route=%2Fwp%2Fv2%2Fmedia&parent=22"}],"curies":[{"name":"wp","href":"https:\/\/api.w.org\/{rel}","templated":true}]}}