{"id":29,"date":"2015-09-27T20:52:52","date_gmt":"2015-09-27T19:52:52","guid":{"rendered":"http:\/\/www.isabelledemeure.fr\/?page_id=29"},"modified":"2026-01-02T18:59:06","modified_gmt":"2026-01-02T16:59:06","slug":"informations-pratiques","status":"publish","type":"page","link":"https:\/\/www.isabelledemeure.fr\/?page_id=29","title":{"rendered":"Informations pratiques et mentions l\u00e9gales"},"content":{"rendered":"<p><audio class=\"audio-for-speech\"><\/audio><\/p>\n<div class=\"translate-tooltip-mtz translator-hidden\">\n<div class=\"header\">\n<div class=\"header-controls\">Translator<\/div>\n<div class=\"header-controls\"><\/div>\n<div class=\"header-controls\"><\/div>\n<\/div>\n<div class=\"translated-text\">\n<div class=\"words\"><\/div>\n<div class=\"sentences\"><\/div>\n<\/div>\n<\/div>\n<p>&nbsp;<\/p>\n<p><img loading=\"lazy\" decoding=\"async\" class=\"alignnone wp-image-820 aligncenter\" src=\"https:\/\/www.isabelledemeure.fr\/wp-content\/uploads\/2023-12-03-20.01.19-300x225.jpg\" alt=\"\" width=\"333\" height=\"250\" srcset=\"https:\/\/www.isabelledemeure.fr\/wp-content\/uploads\/2023-12-03-20.01.19-300x225.jpg 300w, https:\/\/www.isabelledemeure.fr\/wp-content\/uploads\/2023-12-03-20.01.19-1024x768.jpg 1024w, https:\/\/www.isabelledemeure.fr\/wp-content\/uploads\/2023-12-03-20.01.19-768x576.jpg 768w, https:\/\/www.isabelledemeure.fr\/wp-content\/uploads\/2023-12-03-20.01.19-1536x1152.jpg 1536w, https:\/\/www.isabelledemeure.fr\/wp-content\/uploads\/2023-12-03-20.01.19-2048x1536.jpg 2048w\" sizes=\"auto, (max-width: 333px) 100vw, 333px\" \/><\/p>\n<table>\n<tbody>\n<tr>\n<td style=\"background-color: #ffe8e0; text-align: center;\"><a href=\"#Prat-T1\">S\u00e9ances<\/a><\/td>\n<td><\/td>\n<td style=\"background-color: #ffe8e0; text-align: center;\"><a href=\"#Prat-T2\">Horaires<\/a><\/td>\n<\/tr>\n<tr>\n<td><\/td>\n<td><\/td>\n<\/tr>\n<tr>\n<td style=\"background-color: #ffe8e0; text-align: center;\"><a href=\"#Prat-T3\">Dur\u00e9e, tarifs<\/a><\/td>\n<td><\/td>\n<td style=\"background-color: #ffe8e0; text-align: center;\"><a href=\"#Prat-T4\">Lieu<\/a><\/td>\n<\/tr>\n<tr>\n<td><\/td>\n<td><\/td>\n<\/tr>\n<tr>\n<td style=\"background-color: #ffe8e0; text-align: center;\"><a href=\"#Prat-T5\">Contact<\/a><\/td>\n<td><\/td>\n<td style=\"background-color: #ffe8e0; text-align: center;\"><a href=\"#Prat-T6\">Mentions l\u00e9gales<\/a><\/td>\n<\/tr>\n<\/tbody>\n<\/table>\n<h1 id=\"Prat-T1\" style=\"text-align: left;\">S\u00e9ances<\/h1>\n<p style=\"text-align: left;\">Les s\u00e9ances ont lieu<strong> uniquement sur rendez-vous.<\/strong><\/p>\n<p style=\"text-align: left;\">Les s\u00e9ances ont lieu, en g\u00e9n\u00e9ral, \u00e0 un <strong>rythme hebdomadaire, au moins au d\u00e9but<\/strong> (une fr\u00e9quence bi-mensuelle pourra \u00eatre envisag\u00e9e apr\u00e8s une dizaine de s\u00e9ances).<\/p>\n<p style=\"text-align: left;\">Les s\u00e9ances d&rsquo;hypnose doivent \u00eatre espac\u00e9es d&rsquo;au moins une quinzaine de jours.<\/p>\n<p>Les s\u00e9ances de th\u00e9rapie psychodynamique (par la parole) peuvent se tenir en Fran\u00e7ais ou <strong>en Anglais<\/strong>. Les s\u00e9ances d&rsquo;hypnose, de sophrologie et de sophro-analyse sont propos\u00e9es uniquement en Fran\u00e7ais.<\/p>\n<p style=\"text-align: left;\">Des s\u00e9ances en distanciel (Zoom, Skype ou WhatsApp) sont possibles ; il est souhaitable de les alterner de temps \u00e0 autres avec des s\u00e9ances en pr\u00e9sence.<\/p>\n<h1 id=\"Prat-T2\" style=\"text-align: left;\">Horaires<\/h1>\n<p style=\"text-align: left;\">Horaires : mardi, mercredi et jeudi, de 8h (7h30 sur demande) \u00e0 18h30 (heure de d\u00e9but du dernier rendez-vous). <a href=\"https:\/\/www.isabelledemeure.fr\/?page_id=392\">Consulter les cr\u00e9neaux disponibles<\/a>.<\/p>\n<h1 id=\"Prat-T3\">Dur\u00e9e, tarifs<\/h1>\n<p>Je propose 2 formats de s\u00e9ances :<\/p>\n<ul>\n<li style=\"list-style-type: none;\">\n<ul>\n<li><span style=\"color: #993300;\"><strong>S\u00e9ance d&rsquo;une heure \u2013 (dur\u00e9e par d\u00e9faut)<\/strong><\/span><br \/>\nS\u00e9ances de psychoth\u00e9rapie psychodynamique (par la parole) longue, hypnose, protocole de sophro-analyse, sophrologie.<\/li>\n<\/ul>\n<\/li>\n<\/ul>\n<p style=\"padding-left: 40px;\"><strong>Tarif (par d\u00e9faut) : 85 euros <\/strong><\/p>\n<p style=\"padding-left: 40px;\"><strong>Tarif r\u00e9duit<\/strong> &#8211; \u00e9tudiants et ch\u00f4meurs, tarif pr\u00e9f\u00e9rentiel anciens \u00e9tudiants et personnels d&rsquo;AgroParisTech,de l&rsquo;ESPCI et de PSL : <strong>70 euros<\/strong><\/p>\n<ul>\n<li style=\"list-style-type: none;\">\n<ul>\n<li><span style=\"color: #993300;\"><strong>S\u00e9ance de 45 mn\u00a0 \u2013 sur demande uniquement pour les psychoth\u00e9rapies psychodynamiques (par la parole).<\/strong><\/span><\/li>\n<\/ul>\n<\/li>\n<\/ul>\n<p style=\"padding-left: 40px;\"><strong>Tarif (par d\u00e9faut) : 70 euros<\/strong><\/p>\n<p style=\"padding-left: 40px;\"><strong>Tarif r\u00e9duit<\/strong> &#8211; \u00e9tudiants et ch\u00f4meurs, tarif pr\u00e9f\u00e9rentiel anciens \u00e9tudiants et personnels d&rsquo;AgroParisTech,de l&rsquo;ESPCI et de PSL : <strong>60 euros<\/strong><\/p>\n<p><strong>Forfait HypnoNatal\u00ae : 85 euros par s\u00e9ance ou 255 euros pour le forfait 4 s\u00e9ances (la 4\u00e8me est gratuite).<\/strong><\/p>\n<p style=\"padding-left: 40px;\">S\u00e9ances suppl\u00e9mentaires (post-accouchement ou s\u00e9ance pour travailler un point compl\u00e9mentaire)\u00a0: <strong>70 euros<\/strong>.<\/p>\n<p>En cas de difficult\u00e9s financi\u00e8res, possibilit\u00e9 d&rsquo;\u00e9taler les paiements et d&rsquo;envisager des am\u00e9nagements.<\/p>\n<p><strong>Une vingtaine de mutuelles remboursent une partie des s\u00e9ances de sophrologie. La liste <a href=\"https:\/\/www.chambre-syndicale-sophrologie.fr\/mutuelle-sophrologie-sophrologue\/\">ICI<\/a>.<\/strong><\/p>\n<p><strong>Le r\u00e8glement se fait *\u00e0 chaque s\u00e9ance* : par ch\u00e8que (merci de le pr\u00e9parer \u00e0 l&rsquo;avance), virement bancaire ou esp\u00e8ces.<\/strong><\/p>\n<p><em><strong>Toute s\u00e9ance non d\u00e9command\u00e9e 48 heures \u00e0 l&rsquo;avance est due<\/strong>.<\/em><\/p>\n<p><span style=\"color: #993300;\">L\u2019accompagnement que je propose s\u2019inscrit dans la relation d\u2019aide, hors cadre m\u00e9dical et r\u00e9glement\u00e9. Il ne se substitue donc en rien \u00e0 acte ou traitement m\u00e9dical dont il peut \u00eatre compl\u00e9mentaire.<\/span><\/p>\n<p><span style=\"color: #993300;\">La prestation d\u00e9livr\u00e9e ne fait pas l\u2019objet d\u2019un conventionnement. D\u00e8s lors, elle n\u2019est pas prise en charge par la s\u00e9curit\u00e9 sociale. Le montant des honoraires fix\u00e9 est cependant d\u00e9termin\u00e9 en r\u00e9f\u00e9rence aux tarifs g\u00e9n\u00e9ralement pratiqu\u00e9s pour ce type d\u2019accompagnement, en r\u00e9gion parisienne.<\/span><\/p>\n<p>J&rsquo;anime des ateliers de <strong>sophrologie<\/strong> et de <strong>gestion du stress<\/strong> en entreprise et en milieu universitaire (et \u00e9coles d&rsquo;ing\u00e9nieurs). Tarifs sur demande (suivant la taille des groupes, le nombre de s\u00e9ances, leur dur\u00e9e, le lieu, &#8230; ).<\/p>\n<h1 id=\"Prat-T4\">Lieu<\/h1>\n<p><strong>Le cabinet<\/strong> se trouve dans le 13\u00e8me arrondissement, entre le Parc Montsouris et la Butte-aux-Cailles<br \/>\n94, rue Brillat-Savarin 75013 Paris<br \/>\nBus : 21 (Glaci\u00e8re &#8211; Tolbiac), 62 (Glaci\u00e8re-Tolbiac), 67 (Amiral Mouchez)<br \/>\nM\u00e9tro : Glaci\u00e8re (ligne 6), Cit\u00e9 Universitaire (RER B), Tolbiac (ligne 7).<br \/>\nTram : T3, Stade Charlety<br \/>\nParking public : 10, rue Wurtz 75013 Paris (\u00e0 5 mn du cabinet).<br \/>\n<a href=\"https:\/\/www.google.fr\/maps\/place\/94+Rue+Brillat-Savarin,+75013+Paris\/@48.8263933,2.3446452,15z\/data=!4m2!3m1!1s0x47e671986a2b1eb9:0x20035288575e76eb?hl=fr\"><br \/>\nCliquez ici <\/a> pour situer le cabinet sur une carte.<\/p>\n<h1 id=\"Prat-T5\">Contact<\/h1>\n<p>06.99.89.82.58<br \/>\ncontact AT isabelledemeure.fr<\/p>\n<h1 id=\"Prat-T6\">Mentions l\u00e9gales<\/h1>\n<p>Raison Sociale\u00a0: Isabelle Demeure<br \/>\nSi\u00e8ge social : 94 rue Brillat Savarin 75013 Paris.<br \/>\nN\u00b0 SIRET : 80755441500016<br \/>\nCode APE\u00a0: 8690F (Activit\u00e9s de sant\u00e9 humaine non class\u00e9es ailleurs)<\/p>\n<p>Responsable de la publication : Isabelle Demeure.<\/p>\n<p><strong>En cas de litige<\/strong><\/p>\n<p>Si vous n\u2019\u00eates pas parvenu \u00e0 r\u00e9soudre votre litige apr\u00e8s nous avoir adress\u00e9 une<br \/>\nr\u00e9clamation \u00e9crite (courrier ou courriel), dat\u00e9e, rappelant les circonstances qui ont<br \/>\ndonn\u00e9 lieu au diff\u00e9rend et ce que vous r\u00e9clamez, vous pourrez saisir le m\u00e9diateur de<br \/>\nla consommation, d\u00e9sign\u00e9 ci- dessous, si vous avez re\u00e7u une r\u00e9ponse \u00e9crite n\u00e9gative<br \/>\nde notre part ou pas de r\u00e9ponse deux mois apr\u00e8s l\u2019envoi de votre r\u00e9clamation.<br \/>\nConform\u00e9ment aux articles L.616-1 et R.616-1<br \/>\ndu code de la consommation, notre soci\u00e9t\u00e9 a mis en place un dispositif de<br \/>\nm\u00e9diation de la consommation. L&rsquo;entit\u00e9 de m\u00e9diation retenue est :<br \/>\nMEDIATION CONSOMMATION D\u00c9VELOPPEMENT\/MED CONSO DEV<br \/>\nEn cas de litige, vous pouvez d\u00e9poser votre r\u00e9clamation sur son site : https:\/\/<br \/>\nwww.medconsodev.eu<br \/>\nou par voie postale en \u00e9crivant \u00e0 :<br \/>\nMEDIATION CONSOMMATION D\u00c9VELOPPEMENT\/MED CONSO DEV<br \/>\nCentre d\u2019Affaires St\u00e9phanois SAS<br \/>\nIMMEUBLE L\u2019HORIZON \u2013 ESPLANADE DE FRANCE<br \/>\n3, RUE J. CONSTANT MILLERET \u2013 42000 SAINT-\u00c9TIENNE<\/p>\n<h2><strong>H\u00e9bergement du site web<\/strong><\/h2>\n<p>OVH.<br \/>\nSAS au capital de 10 000 000 \u20ac.<br \/>\nRCS Roubaix \u2013 Tourcoing 424 761 419 00045.<br \/>\nCode APE 6202A.<br \/>\nN\u00b0 TVA : FR 22 424 761 419.<br \/>\nSi\u00e8ge social : 2 rue Kellermann \u2013 59100 Roubaix \u2013 France.<br \/>\nT\u00e9l\u00e9phone : 0 820 698\u00a0765.<\/p>\n<h2><strong>Conditions g\u00e9n\u00e9rales d\u2019utilisation du site web<\/strong><\/h2>\n<p>Le pr\u00e9sent texte a pour objet de d\u00e9finir les modalit\u00e9s et conditions dans lesquelles d\u2019une part, Isabelle Demeure, met \u00e0 la disposition de ses utilisateurs le site, et les services disponibles sur le site et d\u2019autre part, la mani\u00e8re par laquelle l\u2019utilisateur acc\u00e8de au site et utilise ses services.<br \/>\nToute connexion au site est subordonn\u00e9e au respect des pr\u00e9sentes conditions. Pour l\u2019utilisateur, le simple acc\u00e8s au site internet d\u2019Isabelle Demeure implique l\u2019acceptation de l\u2019ensemble des conditions d\u00e9crites ci-apr\u00e8s.<\/p>\n<p><em><strong>Liens hypertextes<\/strong><\/em><br \/>\nLe site d\u2019Isabelle Demeure peut contenir des liens hypertextes vers d\u2019autres sites pr\u00e9sents sur le r\u00e9seau Internet. Les liens vers ces autres sites font quitter le site d\u2019Isabelle Demeure qui ne \u00a0peut \u00eatre tenue responsable pour les contenus \u00e9dit\u00e9s par ces sites.<\/p>\n<p><em><strong>Responsabilit\u00e9 de l\u2019\u00e9diteur<\/strong><\/em><br \/>\nLes informations et\/ou documents figurant sur le site d\u2019Isabelle Demeure et\/ou accessibles par ce site proviennent de sources consid\u00e9r\u00e9es comme \u00e9tant fiables. Toutefois, ces informations et\/ou documents sont susceptibles de contenir des inexactitudes techniques et des erreurs typographiques. Isabelle Demeure se r\u00e9serve le droit de les corriger, d\u00e8s que ces erreurs sont port\u00e9es \u00e0 sa connaissance. Il est fortement recommand\u00e9 de v\u00e9rifier l\u2019exactitude et la pertinence des informations et\/ou documents mis \u00e0 disposition sur ce site.<br \/>\nLes informations et\/ou documents disponibles sur ce site sont susceptibles d\u2019\u00eatre modifi\u00e9s \u00e0 tout moment, et peuvent avoir fait l\u2019objet de mises \u00e0 jour. En particulier, ils peuvent avoir fait l\u2019objet d\u2019une mise \u00e0 jour entre le moment de leur t\u00e9l\u00e9chargement et celui o\u00f9 l\u2019utilisateur en prend connaissance.<br \/>\nL\u2019utilisation des informations et\/ou documents disponibles sur ce site se fait sous l\u2019enti\u00e8re et seule responsabilit\u00e9 de l\u2019utilisateur, qui assume la totalit\u00e9 des cons\u00e9quences pouvant en d\u00e9couler, sans qu\u2019Isabelle Demeure puisse \u00eatre recherch\u00e9e \u00e0 ce titre, et sans recours contre cette derni\u00e8re. Isabelle Demeure ne pourra en aucun cas \u00eatre tenue responsable de tout dommage de quelque nature qu\u2019il soit r\u00e9sultant de l\u2019interpr\u00e9tation ou de l\u2019utilisation des informations et\/ou documents disponibles sur son site.<\/p>\n<p><em><strong>Acc\u00e8s au site<\/strong><\/em><br \/>\nIsabelle Demeure s\u2019efforce de permettre l\u2019acc\u00e8s au site 24 heures sur 24, 7 jours sur 7, sauf en cas de force majeure ou d\u2019un \u00e9v\u00e9nement hors de son contr\u00f4le, et sous r\u00e9serve des \u00e9ventuelles pannes et interventions de maintenance n\u00e9cessaires au bon fonctionnement du site et des services. Par cons\u00e9quent, Isabelle Demeure ne peut garantir une disponibilit\u00e9 du site et\/ou des services, une fiabilit\u00e9 des transmissions et des performances en termes de temps de r\u00e9ponse ou de qualit\u00e9. Il n\u2019est pr\u00e9vu aucune assistance technique vis-\u00e0-vis de l\u2019utilisateur que ce soit par des moyens \u00e9lectronique ou t\u00e9l\u00e9phonique. La responsabilit\u00e9 d\u2019Isabelle Demeure ne saurait \u00eatre engag\u00e9e en cas d\u2019impossibilit\u00e9 d\u2019acc\u00e8s \u00e0 ce site et\/ou d\u2019utilisation des services. Par ailleurs, Isabelle Demeure peut \u00eatre amen\u00e9e \u00e0 interrompre le site ou une partie des services, \u00e0 tout moment sans pr\u00e9avis, le tout sans droit \u00e0 indemnit\u00e9s. L\u2019utilisateur reconna\u00eet et accepte qu\u2019Isabelle Demeure ne soit pas responsable des interruptions, et des cons\u00e9quences qui peuvent en d\u00e9couler pour l\u2019utilisateur ou tout tiers.<\/p>\n<p><em><strong>Modification des conditions d\u2019utilisation<\/strong><\/em><br \/>\nIsabelle Demeure se r\u00e9serve la possibilit\u00e9 de modifier, \u00e0 tout moment et sans pr\u00e9avis, les pr\u00e9sentes conditions d\u2019utilisation afin de les adapter aux \u00e9volutions du site et\/ou de son exploitation.<\/p>\n<p><em><strong>Droit applicable<\/strong><\/em><br \/>\nLe pr\u00e9sent site ainsi que les modalit\u00e9s et conditions de son utilisation sont r\u00e9gis par le droit fran\u00e7ais, quel que soit le lieu d\u2019utilisation. En cas de contestation \u00e9ventuelle, et apr\u00e8s l\u2019\u00e9chec de toute tentative de recherche d\u2019une solution amiable, les tribunaux fran\u00e7ais seront seuls comp\u00e9tents pour connaissance de ce litige.<br \/>\nPour toute question relative aux pr\u00e9sentes conditions d\u2019utilisation du site, vous pouvez \u00e9crire \u00e0 l\u2019adresse suivante :<br \/>\nIsabelle Demeure &#8211; 94, rue Brillat Savarin 75013 Paris<\/p>\n","protected":false},"excerpt":{"rendered":"<p>Translator &nbsp; S\u00e9ances Horaires Dur\u00e9e, tarifs Lieu Contact Mentions l\u00e9gales S\u00e9ances Les s\u00e9ances ont lieu uniquement sur rendez-vous. Les s\u00e9ances ont lieu, en g\u00e9n\u00e9ral, \u00e0 un rythme hebdomadaire, au moins au d\u00e9but (une fr\u00e9quence bi-mensuelle pourra \u00eatre envisag\u00e9e apr\u00e8s une dizaine de s\u00e9ances). Les s\u00e9ances d&rsquo;hypnose doivent \u00eatre espac\u00e9es d&rsquo;au moins une quinzaine de jours.&hellip; <\/p>\n","protected":false},"author":1,"featured_media":0,"parent":0,"menu_order":3,"comment_status":"open","ping_status":"open","template":"","meta":{"footnotes":""},"class_list":["post-29","page","type-page","status-publish","hentry"],"_links":{"self":[{"href":"https:\/\/www.isabelledemeure.fr\/index.php?rest_route=\/wp\/v2\/pages\/29","targetHints":{"allow":["GET"]}}],"collection":[{"href":"https:\/\/www.isabelledemeure.fr\/index.php?rest_route=\/wp\/v2\/pages"}],"about":[{"href":"https:\/\/www.isabelledemeure.fr\/index.php?rest_route=\/wp\/v2\/types\/page"}],"author":[{"embeddable":true,"href":"https:\/\/www.isabelledemeure.fr\/index.php?rest_route=\/wp\/v2\/users\/1"}],"replies":[{"embeddable":true,"href":"https:\/\/www.isabelledemeure.fr\/index.php?rest_route=%2Fwp%2Fv2%2Fcomments&post=29"}],"version-history":[{"count":93,"href":"https:\/\/www.isabelledemeure.fr\/index.php?rest_route=\/wp\/v2\/pages\/29\/revisions"}],"predecessor-version":[{"id":893,"href":"https:\/\/www.isabelledemeure.fr\/index.php?rest_route=\/wp\/v2\/pages\/29\/revisions\/893"}],"wp:attachment":[{"href":"https:\/\/www.isabelledemeure.fr\/index.php?rest_route=%2Fwp%2Fv2%2Fmedia&parent=29"}],"curies":[{"name":"wp","href":"https:\/\/api.w.org\/{rel}","templated":true}]}}