{"id":392,"date":"2018-09-05T14:41:12","date_gmt":"2018-09-05T13:41:12","guid":{"rendered":"http:\/\/www.isabelledemeure.fr\/?page_id=392"},"modified":"2024-05-13T16:14:47","modified_gmt":"2024-05-13T14:14:47","slug":"disponibilites","status":"publish","type":"page","link":"https:\/\/www.isabelledemeure.fr\/?page_id=392","title":{"rendered":"Disponibilit\u00e9s"},"content":{"rendered":"<p><span style=\"color: #000000;\"><strong>Vous trouverez ci-dessous une liste de cr\u00e9neaux de rendez-vous disponibles. <\/strong>Je peux parfois\u00a0 ouvrir un cr\u00e9neau suppl\u00e9mentaire au besoin. Pour convenir d&rsquo;un rendez-vous, contactez-moi (voir <a style=\"color: #000000;\" href=\"https:\/\/www.isabelledemeure.fr\/?page_id=29\">\u00ab\u00a0Informations pratiques\u00a0\u00bb<\/a>).<br \/>\n<\/span><\/p>\n<p><strong>Si vous vous engagez dans un accompagnement un rythme hebdomadaire est conseill\u00e9<\/strong> (au moins pour pour les 8 \u00e0 10 premi\u00e8res s\u00e9ances). Un rythme bimensuel peut \u00eatre envisag\u00e9 ensuite.<del><\/del><\/p>\n<p>Les s\u00e9ances d&rsquo;hypnose doivent \u00eatre espac\u00e9es de 15 jours au minimum.<\/p>\n<p><iframe loading=\"lazy\" style=\"border-width: 0;\" src=\"https:\/\/calendar.google.com\/calendar\/embed?showTitle=0&amp;showPrint=0&amp;showTabs=0&amp;showCalendars=0&amp;showTz=0&amp;mode=AGENDA&amp;height=450&amp;wkst=2&amp;bgcolor=%23cc0000&amp;src=n7kika16hili8fqltf0aqdnmig%40group.calendar.google.com&amp;color=%23333333&amp;ctz=Europe%2FParis\" width=\"600\" height=\"450\" frameborder=\"0\" scrolling=\"no\"><\/iframe><\/p>\n","protected":false},"excerpt":{"rendered":"<p>Vous trouverez ci-dessous une liste de cr\u00e9neaux de rendez-vous disponibles. Je peux parfois\u00a0 ouvrir un cr\u00e9neau suppl\u00e9mentaire au besoin. Pour convenir d&rsquo;un rendez-vous, contactez-moi (voir \u00ab\u00a0Informations pratiques\u00a0\u00bb). Si vous vous engagez dans un accompagnement un rythme hebdomadaire est conseill\u00e9 (au moins pour pour les 8 \u00e0 10 premi\u00e8res s\u00e9ances). Un rythme bimensuel peut \u00eatre envisag\u00e9&hellip; <\/p>\n","protected":false},"author":1,"featured_media":0,"parent":0,"menu_order":0,"comment_status":"closed","ping_status":"closed","template":"","meta":{"footnotes":""},"class_list":["post-392","page","type-page","status-publish","hentry"],"_links":{"self":[{"href":"https:\/\/www.isabelledemeure.fr\/index.php?rest_route=\/wp\/v2\/pages\/392","targetHints":{"allow":["GET"]}}],"collection":[{"href":"https:\/\/www.isabelledemeure.fr\/index.php?rest_route=\/wp\/v2\/pages"}],"about":[{"href":"https:\/\/www.isabelledemeure.fr\/index.php?rest_route=\/wp\/v2\/types\/page"}],"author":[{"embeddable":true,"href":"https:\/\/www.isabelledemeure.fr\/index.php?rest_route=\/wp\/v2\/users\/1"}],"replies":[{"embeddable":true,"href":"https:\/\/www.isabelledemeure.fr\/index.php?rest_route=%2Fwp%2Fv2%2Fcomments&post=392"}],"version-history":[{"count":43,"href":"https:\/\/www.isabelledemeure.fr\/index.php?rest_route=\/wp\/v2\/pages\/392\/revisions"}],"predecessor-version":[{"id":828,"href":"https:\/\/www.isabelledemeure.fr\/index.php?rest_route=\/wp\/v2\/pages\/392\/revisions\/828"}],"wp:attachment":[{"href":"https:\/\/www.isabelledemeure.fr\/index.php?rest_route=%2Fwp%2Fv2%2Fmedia&parent=392"}],"curies":[{"name":"wp","href":"https:\/\/api.w.org\/{rel}","templated":true}]}}