{"id":562,"date":"2022-02-26T17:37:19","date_gmt":"2022-02-26T16:37:19","guid":{"rendered":"http:\/\/www.isabelledemeure.fr\/?page_id=562"},"modified":"2025-06-26T18:31:38","modified_gmt":"2025-06-26T16:31:38","slug":"hypnose-2","status":"publish","type":"page","link":"https:\/\/www.isabelledemeure.fr\/?page_id=562","title":{"rendered":"Les Propositions"},"content":{"rendered":"<table>\n<tbody>\n<tr>\n<td style=\"background-color: #ffe8e0; text-align: center;\"><a href=\"#Prop-T1\">Demandes courantes<\/a><\/td>\n<td><\/td>\n<td style=\"background-color: #ffe8e0; text-align: center;\"><a href=\"#Prop-T2\">HypnoNatal\u00ae (pour une grossesse \u00e9panouie)<\/a><\/td>\n<td><\/td>\n<td style=\"background-color: #ffe8e0; text-align: center;\"><a href=\"#Prop-T3\">Sophrologie &#8211; gestion du stress<\/a><\/td>\n<td><\/td>\n<td style=\"background-color: #ffe8e0; text-align: center;\"><a href=\"#Prop-T4\">Apaisement des s\u00e9quelles d&rsquo;\u00e9v\u00e9nements traumatiques<\/a><\/td>\n<td><\/td>\n<\/tr>\n<\/tbody>\n<\/table>\n<h1>Demandes courantes<\/h1>\n<p>J&rsquo;accompagne une vari\u00e9t\u00e9 de demandes, les plus fr\u00e9quentes peuvent se classer en 4 grandes cat\u00e9gories :<\/p>\n<h2><em><strong><img loading=\"lazy\" decoding=\"async\" class=\"size-medium wp-image-307 alignright\" src=\"https:\/\/www.isabelledemeure.fr\/wp-content\/uploads\/2017\/01\/20160420_113835-e1654719616928-155x300.jpg\" alt=\"\" width=\"155\" height=\"300\" srcset=\"https:\/\/www.isabelledemeure.fr\/wp-content\/uploads\/2017\/01\/20160420_113835-e1654719616928-155x300.jpg 155w, https:\/\/www.isabelledemeure.fr\/wp-content\/uploads\/2017\/01\/20160420_113835-e1654719616928-768x1485.jpg 768w, https:\/\/www.isabelledemeure.fr\/wp-content\/uploads\/2017\/01\/20160420_113835-e1654719616928-530x1024.jpg 530w, https:\/\/www.isabelledemeure.fr\/wp-content\/uploads\/2017\/01\/20160420_113835-e1654719616928-795x1536.jpg 795w, https:\/\/www.isabelledemeure.fr\/wp-content\/uploads\/2017\/01\/20160420_113835-e1654719616928-1059x2048.jpg 1059w\" sizes=\"auto, (max-width: 155px) 100vw, 155px\" \/><\/strong><\/em><\/h2>\n<h2><em><strong>R\u00e9apprendre \u00e0 \u00eatre bien avec soi-m\u00eame et avec les autres<\/strong><\/em><\/h2>\n<ul>\n<li>Stress, anxi\u00e9t\u00e9<\/li>\n<li>Mal-\u00eatre global \u2018ind\u00e9fini\u2019, \u00e9tat d\u00e9pressif<\/li>\n<li>Confiance en soi, croyances limitantes<\/li>\n<li>Estime de soi, sentiment d\u2019abandon, de rejet, d\u00e9pendance affective<\/li>\n<\/ul>\n<h2><em><strong>Bien vivre ses \u00e9tapes de vie<\/strong><\/em><\/h2>\n<ul>\n<li>Accompagnement de la grossesse et pr\u00e9paration \u00e0 l\u2019accouchement<\/li>\n<li>Post-partum (apr\u00e8s la naissance de b\u00e9b\u00e9)<\/li>\n<li>Nouveau projet professionnel, de vie, d\u00e9m\u00e9nagement \u2026<\/li>\n<li>Deuil (perte d\u2019un proche, d\u2019un travail, d\u2019une relation, divorce\u2026)<\/li>\n<li>Chocs psychologiques<\/li>\n<\/ul>\n<h2><em><strong>Se d\u00e9velopper<\/strong><\/em><\/h2>\n<ul>\n<li>Conflits int\u00e9rieurs, prise de d\u00e9cision<\/li>\n<li>Pr\u00e9paration \u00e0 un examen<\/li>\n<li>Procrastination, incapacit\u00e9 \u00e0 passer \u00e0 l\u2019action\u2026<\/li>\n<li>Troubles du sommeil<\/li>\n<li>Peurs et phobies\u2026<\/li>\n<\/ul>\n<h2><em><strong>Mieux se conna\u00eetre<\/strong><\/em><\/h2>\n<ul>\n<li>D\u00e9couverte de soi, regard sur son histoire de vie et son histoire familiale.<\/li>\n<li>Apaisement des \u00e9pisodes douloureux de l&rsquo;enfance. Travail sur l&rsquo;enfant int\u00e9rieur.<\/li>\n<\/ul>\n<p><img loading=\"lazy\" decoding=\"async\" class=\"wp-image-800 size-medium alignright\" src=\"https:\/\/www.isabelledemeure.fr\/wp-content\/uploads\/2023-Logo-Coeur-300x234.jpg\" alt=\"\" width=\"300\" height=\"234\" srcset=\"https:\/\/www.isabelledemeure.fr\/wp-content\/uploads\/2023-Logo-Coeur-300x234.jpg 300w, https:\/\/www.isabelledemeure.fr\/wp-content\/uploads\/2023-Logo-Coeur-1024x800.jpg 1024w, https:\/\/www.isabelledemeure.fr\/wp-content\/uploads\/2023-Logo-Coeur-768x600.jpg 768w, https:\/\/www.isabelledemeure.fr\/wp-content\/uploads\/2023-Logo-Coeur-1536x1200.jpg 1536w, https:\/\/www.isabelledemeure.fr\/wp-content\/uploads\/2023-Logo-Coeur.jpg 1759w\" sizes=\"auto, (max-width: 300px) 100vw, 300px\" \/><\/p>\n<h1 id=\"Prop-T2\">HypnoNatal\u00ae<\/h1>\n<p><a href=\"https:\/\/lisebartoli.com\/hypnonatal\/hypnose-et-naissance\/\"><strong>L\u2019HypnoNatal<\/strong><\/a>\u00ae est une m\u00e9thode d\u2019hypnose douce faisant appel \u00e0 de la relaxation corporelle et mentale associ\u00e9e \u00e0 des visualisations, des suggestions positives et des m\u00e9taphores tout sp\u00e9cialement cr\u00e9\u00e9es pour la grossesse et l\u2019accouchement.<\/p>\n<p>C\u2019est une m\u00e9thode simple qui aide \u00e0 vivre la grossesse le plus sereinement possible et \u00e0 appr\u00e9hender positivement l\u2019accouchement. Elle permet aux femmes de puiser en elles intuition et assurance personnelle afin de vivre pleinement et activement la naissance de leur enfant.<\/p>\n<p><span style=\"color: #993300;\">Cette m\u00e9thode n\u2019est pas un accompagnement th\u00e9rapeutique et physiologique. Il ne se substitue en aucun cas \u00e0 l\u2019accompagnement m\u00e9dical de la grossesse. Il vient en compl\u00e9ment.<\/span><\/p>\n<p><strong>L\u2019HypnoNatal<\/strong>\u00ae a \u00e9t\u00e9 cr\u00e9\u00e9 il y a 20 ans par <a href=\"https:\/\/lisebartoli.com\/\">Lise Bartoli<\/a>, psychologue clinicienne et hypnoth\u00e9rapeute\u00a0; Lise Bartoli est l\u2019une des sp\u00e9cialistes de l\u2019accompagnement p\u00e9rinatal en France.<\/p>\n<h2>Votre programme HypnoNatal\u00ae<\/h2>\n<p>L\u2019accompagnement <strong>HypnoNatal<\/strong>\u00ae d\u00e9marre au 4\u00e8me ou 5\u00e8me mois de grossesse. Il se compose de 4 s\u00e9ances d\u2019une dur\u00e9e de 1h \u00e0 1h30, espac\u00e9es de plusieurs semaines.\u00a0\u00a0\u00a0 Des s\u00e9ances suppl\u00e9mentaires peuvent \u00eatre organis\u00e9es pour traiter un aspect compl\u00e9mentaire si besoin. Une s\u00e9ance de postpartum peut \u00e9galement \u00eatre effectu\u00e9e.<\/p>\n<p>Chaque rendez-vous aborde un th\u00e8me particulier et comprend une s\u00e9ance d&rsquo;hypnose douce. Des enregistrements audio sont d\u00e9livr\u00e9s aux futures mamans afin qu\u2019elles puissent s\u2019exercer \u00e0 leur rythme chez elles. Ces entra\u00eenements \u00e0 l\u2019autohypnose sont importants : ils permettent \u00e0 la future maman d\u2019acqu\u00e9rir de l\u2019autonomie et d\u2019apprendre \u00e0 s\u2019accompagner.<\/p>\n<p>Il est recommand\u00e9 au co-parent de venir au moins lors de la 1\u00e8re s\u00e9ance et si possible \u00e0 la 4\u00e8me s\u00e9ance, afin d\u2019exp\u00e9rimenter cet \u00e9tat de bien-\u00eatre, d\u2019apprendre \u00e0 g\u00e9rer leurs \u00e9motions et \u00e0 \u00e9pauler la future maman.<\/p>\n<p><strong>L\u2019HypnoNatal<\/strong>\u00ae vous permettra : d \u2018apprendre \u00e0 vous relaxer, de communiquer avec votre enfant in utero, d\u2019apaiser vos tensions lors de la grossesse, de soulager les maux de grossesse, de surmonter votre stress et vos peurs, d\u2019agir mentalement sur la perception des douleurs, de renforcer votre assurance, d\u2019intensifier le lien m\u00e8re-enfant, de mieux vivre le post-accouchement ou post-partum.<\/p>\n<p>&nbsp;<\/p>\n<p><img loading=\"lazy\" decoding=\"async\" class=\"wp-image-718 size-medium alignright\" src=\"https:\/\/www.isabelledemeure.fr\/wp-content\/uploads\/IMG_20170409_152610-300x225.jpg\" alt=\"\" width=\"300\" height=\"225\" srcset=\"https:\/\/www.isabelledemeure.fr\/wp-content\/uploads\/IMG_20170409_152610-300x225.jpg 300w, https:\/\/www.isabelledemeure.fr\/wp-content\/uploads\/IMG_20170409_152610-1024x768.jpg 1024w, https:\/\/www.isabelledemeure.fr\/wp-content\/uploads\/IMG_20170409_152610-768x576.jpg 768w, https:\/\/www.isabelledemeure.fr\/wp-content\/uploads\/IMG_20170409_152610-1536x1152.jpg 1536w, https:\/\/www.isabelledemeure.fr\/wp-content\/uploads\/IMG_20170409_152610-2048x1536.jpg 2048w\" sizes=\"auto, (max-width: 300px) 100vw, 300px\" \/><\/p>\n<h1 id=\"Prop-T3\">Ateliers de Sophrologie pour la gestion du stress<\/h1>\n<p>J\u2019anime des ateliers de Sophrologie principalement pour permettre un bien-\u00eatre et une r\u00e9gulation du stress, en entreprise et en milieu universitaire (et \u00e9coles d\u2019ing\u00e9nieurs).<\/p>\n<p>Ces ateliers peuvent se d\u00e9rouler en pr\u00e9sentiel ou en distanciel suivant la demande.<\/p>\n<p>Tarifs sur demande (suivant la taille des groupes, le nombre de s\u00e9ances, leur dur\u00e9e, le lieu, \u2026 ).<\/p>\n<p>N\u2019h\u00e9sitez pas \u00e0 me contacter si vous avez des demandes sp\u00e9cifiques.<\/p>\n<h1 id=\"Prop-T4\">Apaisement des s\u00e9quelles d&rsquo;\u00e9v\u00e9nements traumatiques<\/h1>\n<p>Certains \u00e9v\u00e9nements de vie peuvent laisser une empreinte traumatique. Tout se passe comme si ces \u00e9v\u00e9nements n&rsquo;avaient pas pu \u00eatre correctement trait\u00e9s, \u00ab\u00a0dig\u00e9r\u00e9s\u00a0\u00bb par le cerveau et continuaient \u00e0 provoquer des manifestations \u00e9motionnelles, psychiques et corporelles douloureuses.<br \/>\nQuelques s\u00e9ances d&rsquo;EMDR-IMO peuvent permettre le retraitement des \u00e9v\u00e9nements traumatiques et l&rsquo;apaisement des manifestations qui les accompagnent. Cette m\u00e9thode donne des r\u00e9sultats, en g\u00e9n\u00e9ral, au bout de 1 \u00e0 5 s\u00e9ances (parfois un peu plus).<\/p>\n<p><span style=\"color: #993300;\">L\u2019accompagnement que je propose s\u2019inscrit dans la relation d\u2019aide, hors cadre m\u00e9dical et r\u00e9glement\u00e9. Il ne se substitue donc en rien \u00e0 acte ou traitement m\u00e9dical dont il peut \u00eatre compl\u00e9mentaire.<\/span><\/p>\n","protected":false},"excerpt":{"rendered":"<p>Demandes courantes HypnoNatal\u00ae (pour une grossesse \u00e9panouie) Sophrologie &#8211; gestion du stress Apaisement des s\u00e9quelles d&rsquo;\u00e9v\u00e9nements traumatiques Demandes courantes J&rsquo;accompagne une vari\u00e9t\u00e9 de demandes, les plus fr\u00e9quentes peuvent se classer en 4 grandes cat\u00e9gories : R\u00e9apprendre \u00e0 \u00eatre bien avec soi-m\u00eame et avec les autres Stress, anxi\u00e9t\u00e9 Mal-\u00eatre global \u2018ind\u00e9fini\u2019, \u00e9tat d\u00e9pressif Confiance en soi,&hellip; <\/p>\n","protected":false},"author":1,"featured_media":0,"parent":0,"menu_order":0,"comment_status":"closed","ping_status":"closed","template":"","meta":{"footnotes":""},"class_list":["post-562","page","type-page","status-publish","hentry"],"_links":{"self":[{"href":"https:\/\/www.isabelledemeure.fr\/index.php?rest_route=\/wp\/v2\/pages\/562","targetHints":{"allow":["GET"]}}],"collection":[{"href":"https:\/\/www.isabelledemeure.fr\/index.php?rest_route=\/wp\/v2\/pages"}],"about":[{"href":"https:\/\/www.isabelledemeure.fr\/index.php?rest_route=\/wp\/v2\/types\/page"}],"author":[{"embeddable":true,"href":"https:\/\/www.isabelledemeure.fr\/index.php?rest_route=\/wp\/v2\/users\/1"}],"replies":[{"embeddable":true,"href":"https:\/\/www.isabelledemeure.fr\/index.php?rest_route=%2Fwp%2Fv2%2Fcomments&post=562"}],"version-history":[{"count":32,"href":"https:\/\/www.isabelledemeure.fr\/index.php?rest_route=\/wp\/v2\/pages\/562\/revisions"}],"predecessor-version":[{"id":885,"href":"https:\/\/www.isabelledemeure.fr\/index.php?rest_route=\/wp\/v2\/pages\/562\/revisions\/885"}],"wp:attachment":[{"href":"https:\/\/www.isabelledemeure.fr\/index.php?rest_route=%2Fwp%2Fv2%2Fmedia&parent=562"}],"curies":[{"name":"wp","href":"https:\/\/api.w.org\/{rel}","templated":true}]}}