{"id":7,"date":"2015-09-27T19:43:12","date_gmt":"2015-09-27T18:43:12","guid":{"rendered":"http:\/\/www.isabelledemeure.fr\/?page_id=7"},"modified":"2025-06-26T18:29:42","modified_gmt":"2025-06-26T16:29:42","slug":"accueil","status":"publish","type":"page","link":"https:\/\/www.isabelledemeure.fr\/","title":{"rendered":"Bienvenue !"},"content":{"rendered":"<table>\n<tbody>\n<tr>\n<td style=\"background-color: #f8c0ae; text-align: center;\"><span style=\"color: #000000;\"><strong>Un accompagnement personnalis\u00e9 et bienveillant<\/strong><\/span><br \/>\n<span style=\"color: #000000;\"><strong>&#8211; pour traverser une \u00e9tape, une \u00e9preuve de vie, une p\u00e9riode difficile,<\/strong><\/span><br \/>\n<span style=\"color: #000000;\"><strong>&#8211; pour (r\u00e9)apprendre \u00e0 \u00eatre bien avec vous-m\u00eame et avec les autres,<\/strong><\/span><br \/>\n<span style=\"color: #000000;\"><strong>&#8211; pour mieux vous conna\u00eetre, vous d\u00e9velopper.<\/strong><\/span><\/td>\n<\/tr>\n<\/tbody>\n<\/table>\n<p>Si &#8230;\u00a0 un ou plusieurs des points suivants vous concernent :<br \/>\nVous ressentez un mal-\u00eatre ? Vous avez une baisse de moral ?<br \/>\nVous avez du mal \u00e0 g\u00e9rer vos \u00e9motions, vous ressentez parfois de l&rsquo;anxi\u00e9t\u00e9 ?<br \/>\nVous vivez un stress excessif, un surmenage, un \u00ab\u00a0burnout\u00a0\u00bb ?<br \/>\nVous traversez un passage difficile de la vie \u00e0 l&rsquo;occasion d&rsquo;une naissance, d&rsquo;une s\u00e9paration, de passage d&rsquo;examens, d&rsquo;une crise de mi-vie, d&rsquo;un deuil, d&rsquo;un \u00e9v\u00e9nement qui a laiss\u00e9 une empreinte traumatique \u2026 ?<br \/>\nVous avez le sentiment que les difficult\u00e9s, les \u00e9checs se r\u00e9p\u00e8tent ?<br \/>\nVous \u00e9prouvez un d\u00e9sir de changement ? Une difficult\u00e9 \u00e0 trouver votre voie ?<br \/>\nVous ressentez le besoin d\u2019apprendre \u00e0 vous relaxer ?<br \/>\nVous aspirez \u00e0 vivre en meilleur accord avec vous-m\u00eame ?<\/p>\n<p><img loading=\"lazy\" decoding=\"async\" class=\"wp-image-833 size-medium alignright\" src=\"https:\/\/www.isabelledemeure.fr\/wp-content\/uploads\/2025-01-19-18.22.08-225x300.jpg\" alt=\"\" width=\"225\" height=\"300\" srcset=\"https:\/\/www.isabelledemeure.fr\/wp-content\/uploads\/2025-01-19-18.22.08-225x300.jpg 225w, https:\/\/www.isabelledemeure.fr\/wp-content\/uploads\/2025-01-19-18.22.08-768x1024.jpg 768w, https:\/\/www.isabelledemeure.fr\/wp-content\/uploads\/2025-01-19-18.22.08-1152x1536.jpg 1152w, https:\/\/www.isabelledemeure.fr\/wp-content\/uploads\/2025-01-19-18.22.08-1536x2048.jpg 1536w, https:\/\/www.isabelledemeure.fr\/wp-content\/uploads\/2025-01-19-18.22.08-scaled.jpg 1920w\" sizes=\"auto, (max-width: 225px) 100vw, 225px\" \/><\/p>\n<p>Je vous propose un accompagnement bas\u00e9 sur :<\/p>\n<ul>\n<li style=\"list-style-type: none;\">\n<ul>\n<li>Un dialogue et un questionnement respectueux et bienveillants,<\/li>\n<li>Une \u00e9coute et un travail sur les ressentis corporels et \u00e9motionnels,<\/li>\n<li>Et, pour aller plus loin, un recours \u00e0 des savoir-faire, des outils et des protocoles issus des pratiques auxquelles je suis form\u00e9e : la sophro-analyse, l&rsquo;hypnose Ericksonienne (et la PNL), la sophrologie et l&rsquo;EMDR-IMO.<\/li>\n<\/ul>\n<\/li>\n<\/ul>\n<p>Aucune formule toute faite, mais du sur-mesure adapt\u00e9 \u00e0 votre besoin et votre demande.<br \/>\nJ&rsquo;accueille avec le m\u00eame int\u00e9r\u00eat <strong>les adultes<\/strong> de tous \u00e2ges.<\/p>\n<p>J&rsquo;ai une exp\u00e9rience approfondie de l&rsquo;accompagnement d&rsquo;\u00e9tudiants et de doctorants en mal-\u00eatre et en difficult\u00e9s psychologiques, exp\u00e9rience d\u00e9velopp\u00e9e dans l&rsquo;enseignement sup\u00e9rieur (\u00e9coles d\u2019ing\u00e9nieurs) et dans ma pratique en lib\u00e9ral (voir la page \u00ab\u00a0<a href=\"https:\/\/www.isabelledemeure.fr\/?page_id=22\">Mon parcours<\/a>\u00ab\u00a0).<\/p>\n<p>Je propose \u00e9galement un accompagnement aux femmes enceintes (en compl\u00e9ment de leur suivi dans un cadre m\u00e9dical).<\/p>\n<p>Le nombre de s\u00e9ances est variable, suivant votre demande, votre \u00e9tat d&rsquo;avancement et votre objectif. Lors de la 1<sup>\u00e8re<\/sup> s\u00e9ance, nous \u00e9changeons sur votre demande, votre besoin et vos objectifs et nous posons le cadre de l&rsquo;accompagnement.<\/p>\n<p><span style=\"color: #993300;\">L\u2019accompagnement que je propose s\u2019inscrit dans la relation d\u2019aide, hors cadre m\u00e9dical et r\u00e9glement\u00e9. Il ne se substitue donc en rien \u00e0 acte ou traitement m\u00e9dical dont il peut \u00eatre compl\u00e9mentaire.<\/span><\/p>\n","protected":false},"excerpt":{"rendered":"<p>Un accompagnement personnalis\u00e9 et bienveillant &#8211; pour traverser une \u00e9tape, une \u00e9preuve de vie, une p\u00e9riode difficile, &#8211; pour (r\u00e9)apprendre \u00e0 \u00eatre bien avec vous-m\u00eame et avec les autres, &#8211; pour mieux vous conna\u00eetre, vous d\u00e9velopper. Si &#8230;\u00a0 un ou plusieurs des points suivants vous concernent : Vous ressentez un mal-\u00eatre ? Vous avez une&hellip; <\/p>\n","protected":false},"author":1,"featured_media":833,"parent":0,"menu_order":0,"comment_status":"open","ping_status":"open","template":"","meta":{"footnotes":""},"class_list":["post-7","page","type-page","status-publish","has-post-thumbnail","hentry"],"_links":{"self":[{"href":"https:\/\/www.isabelledemeure.fr\/index.php?rest_route=\/wp\/v2\/pages\/7","targetHints":{"allow":["GET"]}}],"collection":[{"href":"https:\/\/www.isabelledemeure.fr\/index.php?rest_route=\/wp\/v2\/pages"}],"about":[{"href":"https:\/\/www.isabelledemeure.fr\/index.php?rest_route=\/wp\/v2\/types\/page"}],"author":[{"embeddable":true,"href":"https:\/\/www.isabelledemeure.fr\/index.php?rest_route=\/wp\/v2\/users\/1"}],"replies":[{"embeddable":true,"href":"https:\/\/www.isabelledemeure.fr\/index.php?rest_route=%2Fwp%2Fv2%2Fcomments&post=7"}],"version-history":[{"count":99,"href":"https:\/\/www.isabelledemeure.fr\/index.php?rest_route=\/wp\/v2\/pages\/7\/revisions"}],"predecessor-version":[{"id":880,"href":"https:\/\/www.isabelledemeure.fr\/index.php?rest_route=\/wp\/v2\/pages\/7\/revisions\/880"}],"wp:featuredmedia":[{"embeddable":true,"href":"https:\/\/www.isabelledemeure.fr\/index.php?rest_route=\/wp\/v2\/media\/833"}],"wp:attachment":[{"href":"https:\/\/www.isabelledemeure.fr\/index.php?rest_route=%2Fwp%2Fv2%2Fmedia&parent=7"}],"curies":[{"name":"wp","href":"https:\/\/api.w.org\/{rel}","templated":true}]}}